{"id":4093,"date":"2023-04-23T16:33:00","date_gmt":"2023-04-23T16:33:00","guid":{"rendered":"https:\/\/moroccoevents.com\/seminars-planning\/"},"modified":"2024-10-15T14:31:55","modified_gmt":"2024-10-15T14:31:55","slug":"organisation-de-seminaires","status":"publish","type":"page","link":"https:\/\/moroccoevents.com\/fr\/organisation-de-seminaires\/","title":{"rendered":"Organisation de S\u00e9minaires"},"content":{"rendered":"<p>Pour organiser un s\u00e9minaire au Maroc, il y a plusieurs \u00e9tapes importantes que vous devez suivre :<\/p>\n<ul>\n<li>D\u00e9terminez l&rsquo;objectif du s\u00e9minaire : Quel est l&rsquo;objectif du s\u00e9minaire ? Est-ce une formation professionnelle, un \u00e9v\u00e9nement de r\u00e9seautage ou une conf\u00e9rence \u00e9ducative ? D\u00e9finir l&rsquo;objectif vous aidera \u00e0 identifier le public cible et les sujets \u00e0 aborder.<\/li>\n<li>Choisissez l&#8217;emplacement : Le Maroc poss\u00e8de de nombreuses belles villes et lieux pour organiser un s\u00e9minaire. Les options populaires incluent Marrakech, Casablanca, Rabat et F\u00e8s. Consid\u00e9rez l&rsquo;accessibilit\u00e9 de l&#8217;emplacement, les options de transport et la disponibilit\u00e9 des h\u00f4tels et des restaurants.<\/li>\n<li>Fixez un budget : D\u00e9terminez combien vous pouvez vous permettre de d\u00e9penser pour le s\u00e9minaire. Cela vous aidera \u00e0 prendre des d\u00e9cisions concernant le lieu, le traiteur et d&rsquo;autres d\u00e9penses.<\/li>\n<li>Choisissez une date : Prenez en compte la m\u00e9t\u00e9o, les jours f\u00e9ri\u00e9s et les autres \u00e9v\u00e9nements qui pourraient avoir lieu au Maroc lors du choix de la date du s\u00e9minaire.<\/li>\n<li>S\u00e9lectionner les intervenants et les sujets : Choisissez des intervenants et des sujets qui sont pertinents par rapport \u00e0 l&rsquo;objectif du s\u00e9minaire et au public cible. Vous pourriez \u00e9galement envisager d&rsquo;inviter des experts locaux pour fournir des informations sur la culture et les coutumes marocaines.<\/li>\n<li>Planifiez la logistique : D\u00e9terminez le programme, l&rsquo;ordre du jour et la logistique du s\u00e9minaire, y compris l&rsquo;h\u00e9bergement, le transport et le traiteur.<\/li>\n<li>Promouvoir le s\u00e9minaire : Faites la promotion du s\u00e9minaire par divers canaux, y compris les r\u00e9seaux sociaux, le marketing par e-mail et la publicit\u00e9 cibl\u00e9e. Vous pouvez \u00e9galement envisager de vous associer \u00e0 des organisations et des entreprises locales pour aider \u00e0 promouvoir l&rsquo;\u00e9v\u00e9nement.<\/li>\n<\/ul>\n<p>En suivant ces \u00e9tapes, vous pouvez organiser un s\u00e9minaire r\u00e9ussi au Maroc qui r\u00e9pond aux besoins de votre public cible et atteint vos objectifs.<\/p>\n","protected":false},"excerpt":{"rendered":"<p>Pour organiser un s\u00e9minaire au Maroc, il y a plusieurs \u00e9tapes importantes que vous devez suivre : D\u00e9terminez l&rsquo;objectif du s\u00e9minaire : Quel est l&rsquo;objectif du s\u00e9minaire ? Est-ce une formation professionnelle, un \u00e9v\u00e9nement de r\u00e9seautage ou une conf\u00e9rence \u00e9ducative ? D\u00e9finir l&rsquo;objectif vous aidera \u00e0 identifier le public cible et les sujets \u00e0 aborder. [&hellip;]<\/p>\n","protected":false},"author":1,"featured_media":3921,"parent":0,"menu_order":0,"comment_status":"closed","ping_status":"closed","template":"page-content.php","meta":{"_acf_changed":false,"_joinchat":[],"footnotes":""},"class_list":["post-4093","page","type-page","status-publish","has-post-thumbnail","hentry","entry"],"acf":[],"yoast_head":"<!-- This site is optimized with the Yoast SEO plugin v23.7 - https:\/\/yoast.com\/wordpress\/plugins\/seo\/ -->\n<title>Agence \u00e9v\u00e9nementielle d&#039;organisation de S\u00e9minaires - MoroccoEvents<\/title>\n<meta name=\"description\" content=\"Explorez des s\u00e9minaires uniques d&#039;organisation d&#039;\u00e9v\u00e9nements, Agence \u00e9v\u00e9nementielle de finance, des \u00e9v\u00e9nements immobiliers, bancaires et des alertes de s\u00e9minaires.\" \/>\n<meta name=\"robots\" content=\"index, follow, max-snippet:-1, max-image-preview:large, max-video-preview:-1\" \/>\n<link rel=\"canonical\" href=\"https:\/\/moroccoevents.com\/fr\/organisation-de-seminaires\/\" \/>\n<meta property=\"og:locale\" content=\"fr_FR\" \/>\n<meta property=\"og:type\" content=\"article\" \/>\n<meta property=\"og:title\" content=\"Agence \u00e9v\u00e9nementielle d&#039;organisation de S\u00e9minaires - MoroccoEvents\" \/>\n<meta property=\"og:description\" content=\"Explorez des s\u00e9minaires uniques d&#039;organisation d&#039;\u00e9v\u00e9nements, Agence \u00e9v\u00e9nementielle de finance, des \u00e9v\u00e9nements immobiliers, bancaires et des alertes de s\u00e9minaires.\" \/>\n<meta property=\"og:url\" content=\"https:\/\/moroccoevents.com\/fr\/organisation-de-seminaires\/\" \/>\n<meta property=\"og:site_name\" content=\"Morocco Events\" \/>\n<meta property=\"article:publisher\" content=\"https:\/\/www.facebook.com\/moroccoeventsglobal\" \/>\n<meta property=\"article:modified_time\" content=\"2024-10-15T14:31:55+00:00\" \/>\n<meta property=\"og:image\" content=\"https:\/\/moroccoevents.com\/wp-content\/uploads\/2021\/09\/marrakesh-corporate-management-company.jpg\" \/>\n\t<meta property=\"og:image:width\" content=\"1568\" \/>\n\t<meta property=\"og:image:height\" content=\"882\" \/>\n\t<meta property=\"og:image:type\" content=\"image\/jpeg\" \/>\n<meta name=\"twitter:card\" content=\"summary_large_image\" \/>\n<meta name=\"twitter:site\" content=\"@morocco_events\" \/>\n<meta name=\"twitter:label1\" content=\"Est. reading time\" \/>\n\t<meta name=\"twitter:data1\" content=\"2 minutes\" \/>\n<script type=\"application\/ld+json\" class=\"yoast-schema-graph\">{\"@context\":\"https:\/\/schema.org\",\"@graph\":[{\"@type\":\"WebPage\",\"@id\":\"https:\/\/moroccoevents.com\/fr\/organisation-de-seminaires\/\",\"url\":\"https:\/\/moroccoevents.com\/fr\/organisation-de-seminaires\/\",\"name\":\"Agence \u00e9v\u00e9nementielle d'organisation de S\u00e9minaires - MoroccoEvents\",\"isPartOf\":{\"@id\":\"https:\/\/moroccoevents.com\/fr\/#website\"},\"primaryImageOfPage\":{\"@id\":\"https:\/\/moroccoevents.com\/fr\/organisation-de-seminaires\/#primaryimage\"},\"image\":{\"@id\":\"https:\/\/moroccoevents.com\/fr\/organisation-de-seminaires\/#primaryimage\"},\"thumbnailUrl\":\"https:\/\/moroccoevents.com\/wp-content\/uploads\/2021\/09\/marrakesh-corporate-management-company.jpg\",\"datePublished\":\"2023-04-23T16:33:00+00:00\",\"dateModified\":\"2024-10-15T14:31:55+00:00\",\"description\":\"Explorez des s\u00e9minaires uniques d'organisation d'\u00e9v\u00e9nements, Agence \u00e9v\u00e9nementielle de finance, des \u00e9v\u00e9nements immobiliers, bancaires et des alertes de s\u00e9minaires.\",\"breadcrumb\":{\"@id\":\"https:\/\/moroccoevents.com\/fr\/organisation-de-seminaires\/#breadcrumb\"},\"inLanguage\":\"fr-FR\",\"potentialAction\":[{\"@type\":\"ReadAction\",\"target\":[\"https:\/\/moroccoevents.com\/fr\/organisation-de-seminaires\/\"]}]},{\"@type\":\"ImageObject\",\"inLanguage\":\"fr-FR\",\"@id\":\"https:\/\/moroccoevents.com\/fr\/organisation-de-seminaires\/#primaryimage\",\"url\":\"https:\/\/moroccoevents.com\/wp-content\/uploads\/2021\/09\/marrakesh-corporate-management-company.jpg\",\"contentUrl\":\"https:\/\/moroccoevents.com\/wp-content\/uploads\/2021\/09\/marrakesh-corporate-management-company.jpg\",\"width\":1568,\"height\":882,\"caption\":\"morocco-seminar-planner-morocco\"},{\"@type\":\"BreadcrumbList\",\"@id\":\"https:\/\/moroccoevents.com\/fr\/organisation-de-seminaires\/#breadcrumb\",\"itemListElement\":[{\"@type\":\"ListItem\",\"position\":1,\"name\":\"Home\",\"item\":\"https:\/\/moroccoevents.com\/fr\/\"},{\"@type\":\"ListItem\",\"position\":2,\"name\":\"Organisation de S\u00e9minaires\"}]},{\"@type\":\"WebSite\",\"@id\":\"https:\/\/moroccoevents.com\/fr\/#website\",\"url\":\"https:\/\/moroccoevents.com\/fr\/\",\"name\":\"Morocco Events\",\"description\":\"Morocco Events Organiser\",\"potentialAction\":[{\"@type\":\"SearchAction\",\"target\":{\"@type\":\"EntryPoint\",\"urlTemplate\":\"https:\/\/moroccoevents.com\/fr\/?s={search_term_string}\"},\"query-input\":{\"@type\":\"PropertyValueSpecification\",\"valueRequired\":true,\"valueName\":\"search_term_string\"}}],\"inLanguage\":\"fr-FR\"}]}<\/script>\n<!-- \/ Yoast SEO plugin. -->","yoast_head_json":{"title":"Agence \u00e9v\u00e9nementielle d'organisation de S\u00e9minaires - MoroccoEvents","description":"Explorez des s\u00e9minaires uniques d'organisation d'\u00e9v\u00e9nements, Agence \u00e9v\u00e9nementielle de finance, des \u00e9v\u00e9nements immobiliers, bancaires et des alertes de s\u00e9minaires.","robots":{"index":"index","follow":"follow","max-snippet":"max-snippet:-1","max-image-preview":"max-image-preview:large","max-video-preview":"max-video-preview:-1"},"canonical":"https:\/\/moroccoevents.com\/fr\/organisation-de-seminaires\/","og_locale":"fr_FR","og_type":"article","og_title":"Agence \u00e9v\u00e9nementielle d'organisation de S\u00e9minaires - MoroccoEvents","og_description":"Explorez des s\u00e9minaires uniques d'organisation d'\u00e9v\u00e9nements, Agence \u00e9v\u00e9nementielle de finance, des \u00e9v\u00e9nements immobiliers, bancaires et des alertes de s\u00e9minaires.","og_url":"https:\/\/moroccoevents.com\/fr\/organisation-de-seminaires\/","og_site_name":"Morocco Events","article_publisher":"https:\/\/www.facebook.com\/moroccoeventsglobal","article_modified_time":"2024-10-15T14:31:55+00:00","og_image":[{"width":1568,"height":882,"url":"https:\/\/moroccoevents.com\/wp-content\/uploads\/2021\/09\/marrakesh-corporate-management-company.jpg","type":"image\/jpeg"}],"twitter_card":"summary_large_image","twitter_site":"@morocco_events","twitter_misc":{"Est. reading time":"2 minutes"},"schema":{"@context":"https:\/\/schema.org","@graph":[{"@type":"WebPage","@id":"https:\/\/moroccoevents.com\/fr\/organisation-de-seminaires\/","url":"https:\/\/moroccoevents.com\/fr\/organisation-de-seminaires\/","name":"Agence \u00e9v\u00e9nementielle d'organisation de S\u00e9minaires - MoroccoEvents","isPartOf":{"@id":"https:\/\/moroccoevents.com\/fr\/#website"},"primaryImageOfPage":{"@id":"https:\/\/moroccoevents.com\/fr\/organisation-de-seminaires\/#primaryimage"},"image":{"@id":"https:\/\/moroccoevents.com\/fr\/organisation-de-seminaires\/#primaryimage"},"thumbnailUrl":"https:\/\/moroccoevents.com\/wp-content\/uploads\/2021\/09\/marrakesh-corporate-management-company.jpg","datePublished":"2023-04-23T16:33:00+00:00","dateModified":"2024-10-15T14:31:55+00:00","description":"Explorez des s\u00e9minaires uniques d'organisation d'\u00e9v\u00e9nements, Agence \u00e9v\u00e9nementielle de finance, des \u00e9v\u00e9nements immobiliers, bancaires et des alertes de s\u00e9minaires.","breadcrumb":{"@id":"https:\/\/moroccoevents.com\/fr\/organisation-de-seminaires\/#breadcrumb"},"inLanguage":"fr-FR","potentialAction":[{"@type":"ReadAction","target":["https:\/\/moroccoevents.com\/fr\/organisation-de-seminaires\/"]}]},{"@type":"ImageObject","inLanguage":"fr-FR","@id":"https:\/\/moroccoevents.com\/fr\/organisation-de-seminaires\/#primaryimage","url":"https:\/\/moroccoevents.com\/wp-content\/uploads\/2021\/09\/marrakesh-corporate-management-company.jpg","contentUrl":"https:\/\/moroccoevents.com\/wp-content\/uploads\/2021\/09\/marrakesh-corporate-management-company.jpg","width":1568,"height":882,"caption":"morocco-seminar-planner-morocco"},{"@type":"BreadcrumbList","@id":"https:\/\/moroccoevents.com\/fr\/organisation-de-seminaires\/#breadcrumb","itemListElement":[{"@type":"ListItem","position":1,"name":"Home","item":"https:\/\/moroccoevents.com\/fr\/"},{"@type":"ListItem","position":2,"name":"Organisation de S\u00e9minaires"}]},{"@type":"WebSite","@id":"https:\/\/moroccoevents.com\/fr\/#website","url":"https:\/\/moroccoevents.com\/fr\/","name":"Morocco Events","description":"Morocco Events Organiser","potentialAction":[{"@type":"SearchAction","target":{"@type":"EntryPoint","urlTemplate":"https:\/\/moroccoevents.com\/fr\/?s={search_term_string}"},"query-input":{"@type":"PropertyValueSpecification","valueRequired":true,"valueName":"search_term_string"}}],"inLanguage":"fr-FR"}]}},"_links":{"self":[{"href":"https:\/\/moroccoevents.com\/fr\/wp-json\/wp\/v2\/pages\/4093"}],"collection":[{"href":"https:\/\/moroccoevents.com\/fr\/wp-json\/wp\/v2\/pages"}],"about":[{"href":"https:\/\/moroccoevents.com\/fr\/wp-json\/wp\/v2\/types\/page"}],"author":[{"embeddable":true,"href":"https:\/\/moroccoevents.com\/fr\/wp-json\/wp\/v2\/users\/1"}],"replies":[{"embeddable":true,"href":"https:\/\/moroccoevents.com\/fr\/wp-json\/wp\/v2\/comments?post=4093"}],"version-history":[{"count":0,"href":"https:\/\/moroccoevents.com\/fr\/wp-json\/wp\/v2\/pages\/4093\/revisions"}],"wp:featuredmedia":[{"embeddable":true,"href":"https:\/\/moroccoevents.com\/fr\/wp-json\/wp\/v2\/media\/3921"}],"wp:attachment":[{"href":"https:\/\/moroccoevents.com\/fr\/wp-json\/wp\/v2\/media?parent=4093"}],"curies":[{"name":"wp","href":"https:\/\/api.w.org\/{rel}","templated":true}]}}